{"id":1131,"date":"2023-05-04T08:52:28","date_gmt":"2023-05-04T08:52:28","guid":{"rendered":"https:\/\/mep.rgf.bg.ac.rs\/?page_id=1131"},"modified":"2023-05-09T09:38:29","modified_gmt":"2023-05-09T09:38:29","slug":"scientific-committee","status":"publish","type":"page","link":"https:\/\/mep.rgf.bg.ac.rs\/?page_id=1131","title":{"rendered":"Scientific Committee"},"content":{"rendered":"\n<p class=\"has-text-align-center\"><strong>SCIENTIFIC COMMITTEE OF 9<sup>th<\/sup> INTERNATIONAL CONFERENCE<\/strong> <strong>MINING AND ENVIRONMENTAL PROTECTION &#8211; MEP 2<\/strong>3<\/p>\n\n\n<div style=\"font-size: 9pt;\">1. dr Noam Lior, University of Pennsylvania, USA<br \/>2. dr Jorge Luis Loredo Perez, University of Oviedo, Oviedo, Spain<br \/>3. dr Sre\u0107ko Stopi\u0107, RWTH Aachen University, Aachen, Germany<br \/>4. dr Adolfo Senatore, University of Salerno, Fisciano, Italy<br \/>5. dr Domenico Guida, University of Salerno, Fisciano, Italy<br \/>6. dr Michal Cehl\u00e1r, BERG Faculty, TU Kosice, Slovakia<br \/>7. dr Andrea Rosov\u00e1, BERG Faculty, TU Kosice, Slovakia<br \/>8. dr Daniela Marasov\u00e1, BERG Faculty, TU Kosice, Slovakia<br \/>9. dr Gabriel Fedorko, BERG Faculty, TU Kosice, Slovakia<br \/>10. dr Vieroslav Moln\u00e1r, BERG Faculty, TU Kosice, Slovakia<br \/>11. dr Marian Sofrako, BERG Faculty, TU Kosice, Slovakia<br \/>12. dr Nikoleta Husakova, BERG Faculty, TU Kosice, Slovakia<br \/>13. dr \u017deljko Vukeli\u0107, University of Ljubljana, Faculty on Natural Sciences and Engineering, Ljubljana, Slovenia<br \/>14. dr. Goran Vi\u017eintin, University of Ljubljana, Faculty on Natural Sciences and Engineering, Ljubljana, Slovenia<br \/>15. dr Janez Ro\u0161er, University of Ljubljana, Faculty on Natural Sciences and Engineering, Ljubljana, Slovenia<br \/>16. dr Damjan Hann, University of Ljubljana, Faculty on Natural Sciences and Engineering, Ljubljana, Slovenia<br \/>17. dr Robert \u0160ajn, Geological Survey of Slovenia, Ljubljana, Slovenia<br \/>18. dr. Jasminka Alijagi\u0107, Geological Survey of Slovenia, Ljubljana, Slovenia<br \/>19. dr Gorazd \u017dibret, Geological Survey of Slovenia, Ljubljana, Slovenia<br \/>20. dr Kristina \u017du\u017eek Ro\u017eman, Institut Jo\u017eef \u0160tefan, Ljubljana, Slovenia<br \/>21. dr Gasper Tav\u010dar, Institut Jo\u017eef \u0160tefan, Ljubljana, Slovenia<br \/>22. dr Zoran Despodov, FPTN, \u0160tip, N. Macedonia<br \/>23. dr Dejan Mirakovski, FPTN, \u0160tip, N. Macedonia<br \/>24. dr Vladimir Malba\u0161i\u0107, University of Banja Luka, Faculty of Mining Engineering, Prijedor, Republic of Srpska<br \/>25. dr Lazar Stojanovi\u0107, University of Banja Luka, Faculty of Mining Engineering, Prijedor, Republic of Srpska<br \/>26. dr Valentin Nedeff, Faculty of Engineering, University of Bac\u0103u, Romania<br \/>27. dr Liviu Moldovan, Petru Maior University of T\u00eergu Mure\u015f, T\u00eergu Mure\u015f, Romania<br \/>28. dr Alexandru-Viorel Pele, University of Oradea, Faculty of Management and Technological Engineering, Romania<br \/>29. dr Nikolae Ilias, University of Petrosani, Romania<br \/>30. dr Raycho Ilarionov Technical University of Gabrovo, Bulgaria<br \/>31. dr Jiri Fries, V\u0160B Technical University of Ostrava, Ostrava, Czech Republic<br \/>32. dr Hana Neradilov\u00e1, V\u0160LG, Praha, P\u0159erov, Bratislava, Czech Republic<br \/>33. dr Iveta Do\u010dkal\u00edkov\u00e1, V\u0160LG, Praha, P\u0159erov, Bratislava, Czech Republic<br \/>34. dr Sibila Borojevi\u0107 \u0160o\u0161tari\u0107, University of Zagreb, Faculty of Mining, Geology and Petroleum Engineering, Croatia<br \/>35. dr Marta Mileusni\u0107, University of Zagreb, Faculty of Mining, Geology and Petroleum Engineering, Croatia<br \/>36. dr Nediljka Gaurina Me\u0111imurec, Faculty of Mining, Geology and Petroleum Engineering, Croatia<br \/>37. dr Karolina Novak Mavar, University of Zagreb, Faculty of Mining, Geology and Petroleum Engineering, Croatia<br \/>38. dr Vlatko Maru\u0161i\u0107, TU Osijek, Croatia<br \/>39. dr Tatjana Stanivuk, Faculty of Maritime Studies, University of Split, Croatia<br \/>40. dr Marija Stoimenovi\u0107, Institute of Nuclear Sciences, Vinca, Belgrade, Serbia<br \/>41. dr Milan Kragovi\u0107, Institute of Nuclear Sciences, Vinca, Belgrade, Serbia<\/div>\n<div style=\"font-size: 9pt;\">42. dr Jelena Gulicovski, Institute of Nuclear Sciences, Vinca, Belgrade, Serbia<br \/>43. dr Miroslav Soki\u0107, ITNMS, Belgrade, Serbia<br \/>44. dr Dragan Radulovi\u0107, ITNMS, Belgrade, Serbia<br \/>45. dr Gordana Stefanovi\u0107, University of Ni\u0161, Faculty of Mechanical Engineering, Ni\u0161, Serbia<br \/>46. dr Neboj\u0161a Arsi\u0107, Faculty of Technical Sciences, Kosovska Mitrovica, Serbia<br \/>47. dr Sr\u0111an Jovi\u0107, Faculty of Technical Sciences, Kosovska Mitrovica, Serbia<br \/>48. dr Gordana Milentijevi\u0107, Faculty of Technical Sciences, Kosovska Mitrovica, Serbia<br \/>49. dr Ru\u017eica Bo\u017eovi\u0107, Faculty of Technical Sciences, Kosovska Mitrovica, Serbia<br \/>50. dr Milenko Petrovi\u0107, Faculty of Technical Sciences, Kosovska Mitrovica, Serbia<br \/>51. dr Ivica Jakovljevi\u0107, Faculty of Technical Sciences, Kosovska Mitrovica, Serbia<br \/>52. dr Irma Dervi\u0161evi\u0107, Faculty of Technical Sciences, Kosovska Mitrovica, Serbia<br \/>53. dr Nata\u0161a Elezovi\u0107, Faculty of Technical Sciences, Kosovska Mitrovica, Serbia,<br \/>54. dr Biljana Abolmasov, University of Belgrade, Faculty of Mining and Geology, Serbia<br \/>55. dr Aleksandar Milutinovi\u0107, University of Belgrade, Faculty of Mining and Geology, Serbia<br \/>56. dr Radule To\u0161ovi\u0107, University of Belgrade, Faculty of Mining and Geology, Serbia<br \/>57. dr Aleksandar Cvjeti\u0107, University of Belgrade, Faculty of Mining and Geology, Serbia<br \/>58. dr Zorica Lazarevi\u0107, University of Belgrade, Faculty of Mining and Geology, Serbia<br \/>59. dr Vladimir \u010ceba\u0161ek, University of Belgrade, Faculty of Mining and Geology, Serbia<br \/>60. dr Vesna Risti\u0107-Vakanjac, University of Belgrade, Faculty of Mining and Geology, Serbia<br \/>61. dr Nikola Lili\u0107, University of Belgrade, Faculty of Mining and Geology, Serbia<br \/>62. dr Dragan Ignjatovi\u0107, University of Belgrade, Faculty of Mining and Geology, Serbia<br \/>63. dr Predrag Lazi\u0107, University of Belgrade, Faculty of Mining and Geology, Serbia<br \/>64. dr Vladimir Milisavljevi\u0107, University of Belgrade, Faculty of Mining and Geology, Serbia<br \/>65. dr Tomislav \u0160ubaranovi\u0107, University of Belgrade, Faculty of Mining and Geology, Serbia<br \/>66. dr Aleksandra Tomi\u0107, University of Belgrade, Faculty of Mining and Geology, Serbia<br \/>67. dr Ivica Ristovi\u0107, University of Belgrade, Faculty of Mining and Geology, Serbia<\/div>","protected":false},"excerpt":{"rendered":"<p>SCIENTIFIC COMMITTEE OF 9th INTERNATIONAL CONFERENCE MINING AND ENVIRONMENTAL PROTECTION &#8211; MEP 23 1. dr Noam Lior, University of Pennsylvania, USA2. dr Jorge Luis Loredo Perez, University of Oviedo, Oviedo, Spain3. dr Sre\u0107ko Stopi\u0107, RWTH Aachen University, Aachen, Germany4. dr<span class=\"ellipsis\">&hellip;<\/span><\/p>\n<div class=\"read-more\"><a href=\"https:\/\/mep.rgf.bg.ac.rs\/?page_id=1131\">Read more &#8250;<\/a><\/div>\n<p><!-- end of .read-more --><\/p>\n","protected":false},"author":2,"featured_media":0,"parent":1102,"menu_order":0,"comment_status":"closed","ping_status":"closed","template":"","meta":{"footnotes":""},"class_list":["post-1131","page","type-page","status-publish","hentry"],"_links":{"self":[{"href":"https:\/\/mep.rgf.bg.ac.rs\/index.php?rest_route=\/wp\/v2\/pages\/1131","targetHints":{"allow":["GET"]}}],"collection":[{"href":"https:\/\/mep.rgf.bg.ac.rs\/index.php?rest_route=\/wp\/v2\/pages"}],"about":[{"href":"https:\/\/mep.rgf.bg.ac.rs\/index.php?rest_route=\/wp\/v2\/types\/page"}],"author":[{"embeddable":true,"href":"https:\/\/mep.rgf.bg.ac.rs\/index.php?rest_route=\/wp\/v2\/users\/2"}],"replies":[{"embeddable":true,"href":"https:\/\/mep.rgf.bg.ac.rs\/index.php?rest_route=%2Fwp%2Fv2%2Fcomments&post=1131"}],"version-history":[{"count":8,"href":"https:\/\/mep.rgf.bg.ac.rs\/index.php?rest_route=\/wp\/v2\/pages\/1131\/revisions"}],"predecessor-version":[{"id":1153,"href":"https:\/\/mep.rgf.bg.ac.rs\/index.php?rest_route=\/wp\/v2\/pages\/1131\/revisions\/1153"}],"up":[{"embeddable":true,"href":"https:\/\/mep.rgf.bg.ac.rs\/index.php?rest_route=\/wp\/v2\/pages\/1102"}],"wp:attachment":[{"href":"https:\/\/mep.rgf.bg.ac.rs\/index.php?rest_route=%2Fwp%2Fv2%2Fmedia&parent=1131"}],"curies":[{"name":"wp","href":"https:\/\/api.w.org\/{rel}","templated":true}]}}