{"id":1143,"date":"2023-05-04T09:01:59","date_gmt":"2023-05-04T09:01:59","guid":{"rendered":"https:\/\/mep.rgf.bg.ac.rs\/?page_id=1143"},"modified":"2023-05-04T09:04:21","modified_gmt":"2023-05-04T09:04:21","slug":"organizing-committee","status":"publish","type":"page","link":"https:\/\/mep.rgf.bg.ac.rs\/?page_id=1143","title":{"rendered":"Organizing Committee"},"content":{"rendered":"\n<p class=\"has-text-align-center\"><strong>PRESIDENT OF THE ORGANISING COMMITTEE<\/strong><\/p>\n\n\n\n<p class=\"has-text-align-center\">dr. Ivica Ristovic, Belgrade, Serbia<\/p>\n\n\n\n<p class=\"has-text-align-center\"><strong>VICE PRESIDENTS OF THE ORGANISING COMMITTEE<\/strong><\/p>\n\n\n<div style=\"text-align: center;\">dr Gabriel Fedorko, Ko\u0161ice, Slovakia<br>dr Goran Vi\u017eintin, Ljubljana, Slovenia<br>dr Robert \u0160ajn, Ljubljana, Slovenia<br>dr Zoran Despodov, \u0160tip, Republic of Macedonia<br>dr Vladimir Malba\u0161i\u0107, Prijedor, RS, Bosnia and Herzegovina<br>dr Tomislav \u0160ubaranovi\u0107, Belgrade, Serbia<br><strong><br>ORGANIZING COMMITTEE<br><\/strong><br>dr Nikoleta Husakova, Ko\u0161ice, Slovakia<br>dr Jozef Cambal, Slovakia<br>dr Jan Feher, Slovakia<br>dr Damjan Hann, Slovenia<br>dr Zoran Despodov, \u0160tip, Republic of Macedonia<br>dr Nata\u0161a Elezovi\u0107, Kosovska Mitrovica, Serbia<br>dr Vladimir Milisavljevi\u0107, Belgrade, Serbia<br>dr Dragana Ni\u0161i\u0107, Belgrade, Serbia<br>dr Stevan \u0110enadi\u0107, Serbia<br>dr Krstimir Panti\u0107, Kosovska Mitrovica, Serbia<br>MSc Milena Leki\u0107, Belgrade, Serbia<br>MSc Andrijana Nedeljkovi\u0107, Belgrade, Serbia<br>MSc Neda Ni\u0161i\u0107, Belgrade, Serbia<br>MSc Miodrag Ristovi\u0107, Belgrade, Serbia<br>MSc Uro\u0161 Panteli\u0107, Belgrade, Serbia<br>MSc Luka Crnogorac, Belgrade, Serbia<br>MSc Emilija \u0160iradovi\u0107, Belgrade, Serbia<br>MSc Radmila Li\u0161anin, Serbia<br>BSc Ognjen Adamovi\u0107, Serbia<br>BSc Nade\u017eda Petrovi\u0107, Lazarevac, Serbia<br>BSc Nevena Stojkovi\u0107, Serbia<br>BSc Natalija Pavlovi\u0107, Serbia<br>Nevena Djurdjev, Serbia<br>Maja Petrovi\u0107, Serbia<br>\n<div style=\"text-align: center;\">&nbsp;<\/div>\n<\/div>","protected":false},"excerpt":{"rendered":"<p>PRESIDENT OF THE ORGANISING COMMITTEE dr. Ivica Ristovic, Belgrade, Serbia VICE PRESIDENTS OF THE ORGANISING COMMITTEE dr Gabriel Fedorko, Ko\u0161ice, Slovakiadr Goran Vi\u017eintin, Ljubljana, Sloveniadr Robert \u0160ajn, Ljubljana, Sloveniadr Zoran Despodov, \u0160tip, Republic of Macedoniadr Vladimir Malba\u0161i\u0107, Prijedor, RS, Bosnia<span class=\"ellipsis\">&hellip;<\/span><\/p>\n<div class=\"read-more\"><a href=\"https:\/\/mep.rgf.bg.ac.rs\/?page_id=1143\">Read more &#8250;<\/a><\/div>\n<p><!-- end of .read-more --><\/p>\n","protected":false},"author":2,"featured_media":0,"parent":1102,"menu_order":0,"comment_status":"closed","ping_status":"closed","template":"","meta":{"footnotes":""},"class_list":["post-1143","page","type-page","status-publish","hentry"],"_links":{"self":[{"href":"https:\/\/mep.rgf.bg.ac.rs\/index.php?rest_route=\/wp\/v2\/pages\/1143","targetHints":{"allow":["GET"]}}],"collection":[{"href":"https:\/\/mep.rgf.bg.ac.rs\/index.php?rest_route=\/wp\/v2\/pages"}],"about":[{"href":"https:\/\/mep.rgf.bg.ac.rs\/index.php?rest_route=\/wp\/v2\/types\/page"}],"author":[{"embeddable":true,"href":"https:\/\/mep.rgf.bg.ac.rs\/index.php?rest_route=\/wp\/v2\/users\/2"}],"replies":[{"embeddable":true,"href":"https:\/\/mep.rgf.bg.ac.rs\/index.php?rest_route=%2Fwp%2Fv2%2Fcomments&post=1143"}],"version-history":[{"count":5,"href":"https:\/\/mep.rgf.bg.ac.rs\/index.php?rest_route=\/wp\/v2\/pages\/1143\/revisions"}],"predecessor-version":[{"id":1151,"href":"https:\/\/mep.rgf.bg.ac.rs\/index.php?rest_route=\/wp\/v2\/pages\/1143\/revisions\/1151"}],"up":[{"embeddable":true,"href":"https:\/\/mep.rgf.bg.ac.rs\/index.php?rest_route=\/wp\/v2\/pages\/1102"}],"wp:attachment":[{"href":"https:\/\/mep.rgf.bg.ac.rs\/index.php?rest_route=%2Fwp%2Fv2%2Fmedia&parent=1143"}],"curies":[{"name":"wp","href":"https:\/\/api.w.org\/{rel}","templated":true}]}}