{"id":61,"date":"2015-02-09T13:23:21","date_gmt":"2015-02-09T13:23:21","guid":{"rendered":"http:\/\/mep.rgf.bg.ac.rs\/?page_id=61"},"modified":"2015-03-24T09:19:34","modified_gmt":"2015-03-24T09:19:34","slug":"scientific-committee","status":"publish","type":"page","link":"https:\/\/mep.rgf.bg.ac.rs\/?page_id=61","title":{"rendered":"Scientific Committee"},"content":{"rendered":"<p><img decoding=\"async\" class=\" aligncenter\" src=\"http:\/\/mep.rgf.bg.ac.rs\/wp-content\/uploads\/2015\/03\/07.jpg\" alt=\"07\" \/><\/p>\n<hr \/>\n<p>dr Michal Cehlar, BERG Faculty, TU Ko\u0161ice, <strong>Slovakia<\/strong><br \/>\ndr Gabriel Fedorko, BERG Faculty, TU Ko\u0161ice, <strong>Slovakia<\/strong><br \/>\ndr Vieroslav Molnar, BERG Faculty, TU Ko\u0161ice, <strong>Slovakia<\/strong><br \/>\ndr Daniela Marasova, BERG Faculty, TU Ko\u0161ice, <strong>Slovakia<\/strong><br \/>\ndr Milivoj Vulic, Faculty of Natural Sciences and Engineering, Ljubljana, <strong>Slovenia<\/strong><br \/>\ndr Zeljko Vukelic, Faculty of Natural Sciences and Engineering, Ljubljana, <strong>Slovenia<\/strong><br \/>\ndr Goran Vizintin, Faculty of Natural Sciences and Engineering, Ljubljana, <strong>Slovenia<\/strong><br \/>\ndr Evgen Dervaric, Faculty of Natural Sciences and Engineering, Ljubljana, <strong>Slovenia<\/strong><br \/>\ndr Milan Medved, University of Maribor, <strong>Slovenia<\/strong><br \/>\ndr Vladimir I. Galkin, MISIS Moscow, <strong>Russia<\/strong><br \/>\ndr Evgenia. E Sheshko, MISIS Moscow, <strong>Russia<\/strong><br \/>\ndr Nikolaj M. Kachurin, TulGU, Tula, <strong>Russia<\/strong><br \/>\ndr Oleg N. Rusak, Sankt-Peterburg, <strong>Russia<\/strong><br \/>\ndr Zoran Panov, Goce Delcev University Stip, <strong>Macedonia<\/strong><br \/>\ndr Zoran Despodov, Goce Delcev University Stip, <strong>Macedonia<\/strong><br \/>\ndr Dejan Mirakovski, Goce Delcev University Stip, <strong>Macedonia<\/strong><br \/>\ndr Viktor Kovalov, Donbas State Engineering Academy, <strong>Ukraine<\/strong><br \/>\ndr Valentin Nedeff, University of Bacau, <strong>Romania<\/strong><br \/>\ndr Alexandru-Viorel Pele, University of Oradea, <strong>Romania<\/strong><br \/>\ndr Raycho Ilarionov, TU Gabrovo, <strong>Bulgaria<\/strong><br \/>\ndr Malgorzata Malec, KOMAG, Gliwice, <strong>Poland<\/strong><br \/>\ndr Monika Hardygora, Wroc\u0142aw University of Technology, <strong>Poland<\/strong><br \/>\ndr Horst Gondek, V\u0160B Ostrava, <strong>Czech Republic<\/strong><br \/>\ndr Jiri Fries, V\u0160B Ostrava, <strong>Czech<\/strong> <strong>Republic<\/strong><br \/>\ndr Neven Duic, University of Zagreb, <strong>Croatia<\/strong><br \/>\ndr Nediljka Gaurina-Medjimurec, University of Zagreb, <strong>Croatia<\/strong><br \/>\ndr Vlatko Marusic, University of Osijek, <strong>Croatia<\/strong><br \/>\ndr Vladimir Malbasic, University of Banja Luka, Republic of Srpska, <strong>Bosnia<\/strong> <strong>and<\/strong> <strong>Hercegovina<\/strong><br \/>\ndr Kemal Gutic, Faculty of Minig, Geology and Civil Engineering,<strong>Bosnia and Hercegovina<\/strong><br \/>\ndr Gordana Stefanovic, University of Nis, <strong>Serbia<\/strong><br \/>\ndr Srdjan Jovic, University of Pristina, <strong>Serbia<\/strong><br \/>\ndr Blagoje Nedeljkovic, University of Pristina, <strong>Serbia<\/strong><br \/>\ndr Gordana Vojkovic, University of Belgrade, <strong>Serbia<\/strong><br \/>\ndr Zoran Nikic, University of Belgrade, <strong>Serbia<\/strong><br \/>\ndr Ivan Obradovic, University of Belgrade, <strong>Serbia<\/strong><br \/>\ndr Nikola Lilic, University of Belgrade, <strong>Serbia<\/strong><br \/>\ndr Bozo Kolonja, University of Belgrade, <strong>Serbia<\/strong><br \/>\ndr Dinko Knezevic, University of Belgrade, <strong>Serbia<\/strong><br \/>\ndr Milos Grujic, University of Belgrade, <strong>Serbia<\/strong><br \/>\ndr Aleksandar Cvjetic, University of Belgrade, <strong>Serbia<\/strong><br \/>\ndr Ivica Ristovic, University of Belgrade, <strong>Serbia<\/strong><\/p>\n","protected":false},"excerpt":{"rendered":"<p>dr Michal Cehlar, BERG Faculty, TU Ko\u0161ice, Slovakia dr Gabriel Fedorko, BERG Faculty, TU Ko\u0161ice, Slovakia dr Vieroslav Molnar, BERG Faculty, TU Ko\u0161ice, Slovakia dr Daniela Marasova, BERG Faculty, TU Ko\u0161ice, Slovakia dr Milivoj Vulic, Faculty of Natural Sciences and<span class=\"ellipsis\">&hellip;<\/span><\/p>\n<div class=\"read-more\"><a href=\"https:\/\/mep.rgf.bg.ac.rs\/?page_id=61\">Read more &#8250;<\/a><\/div>\n<p><!-- end of .read-more --><\/p>\n","protected":false},"author":2,"featured_media":0,"parent":48,"menu_order":5,"comment_status":"closed","ping_status":"closed","template":"","meta":{"footnotes":""},"class_list":["post-61","page","type-page","status-publish","hentry"],"_links":{"self":[{"href":"https:\/\/mep.rgf.bg.ac.rs\/index.php?rest_route=\/wp\/v2\/pages\/61","targetHints":{"allow":["GET"]}}],"collection":[{"href":"https:\/\/mep.rgf.bg.ac.rs\/index.php?rest_route=\/wp\/v2\/pages"}],"about":[{"href":"https:\/\/mep.rgf.bg.ac.rs\/index.php?rest_route=\/wp\/v2\/types\/page"}],"author":[{"embeddable":true,"href":"https:\/\/mep.rgf.bg.ac.rs\/index.php?rest_route=\/wp\/v2\/users\/2"}],"replies":[{"embeddable":true,"href":"https:\/\/mep.rgf.bg.ac.rs\/index.php?rest_route=%2Fwp%2Fv2%2Fcomments&post=61"}],"version-history":[{"count":7,"href":"https:\/\/mep.rgf.bg.ac.rs\/index.php?rest_route=\/wp\/v2\/pages\/61\/revisions"}],"predecessor-version":[{"id":282,"href":"https:\/\/mep.rgf.bg.ac.rs\/index.php?rest_route=\/wp\/v2\/pages\/61\/revisions\/282"}],"up":[{"embeddable":true,"href":"https:\/\/mep.rgf.bg.ac.rs\/index.php?rest_route=\/wp\/v2\/pages\/48"}],"wp:attachment":[{"href":"https:\/\/mep.rgf.bg.ac.rs\/index.php?rest_route=%2Fwp%2Fv2%2Fmedia&parent=61"}],"curies":[{"name":"wp","href":"https:\/\/api.w.org\/{rel}","templated":true}]}}