{"id":67,"date":"2015-02-09T13:24:25","date_gmt":"2015-02-09T13:24:25","guid":{"rendered":"http:\/\/mep.rgf.bg.ac.rs\/?page_id=67"},"modified":"2015-06-26T09:48:56","modified_gmt":"2015-06-26T09:48:56","slug":"registered-papers","status":"publish","type":"page","link":"https:\/\/mep.rgf.bg.ac.rs\/?page_id=67","title":{"rendered":"Registered Papers"},"content":{"rendered":"<p><b style=\"font-size: 16px;\">Format of Paper<\/b> &#8211; download <a href=\"http:\/\/mep.rgf.bg.ac.rs\/wp-content\/uploads\/2015\/03\/0-MEP_2015_Form_of_paper.doc\" target=\"_blank\"><b style=\"color: blue;\">here<\/b><\/a><\/p>\n<hr \/>\n<p><b>Potocnik Drago, Roser Janez, Vulic Milivoj:<\/b><br \/>\n<i>Analysis of Occupational Injuries in the Velenje Coal Mine Using Modified Sigmoid Function<\/i><\/p>\n<p><i>PV Invest d.o.o., Velenje<br \/>\nUniversity of Ljubljana, Faculty of Natural Sciences and Engineering, Ljubljana<\/i><br \/>\n<b>Slovenia<\/b><\/p>\n<hr \/>\n<p><b>Momcilovic Novica, Vukasinovic Jadranka:<\/b><br \/>\n<i>Construction and Exploitation of a Landfill for Ash and Slag Disposal from the Heating Plant Vreoci for the Purpose of Environmental Protection<\/p>\n<p>PD RB Kolubara<\/i><br \/>\n<b>Serbia<\/b><\/p>\n<hr \/>\n<p><b>Serafimovski Todor, Tasev Goran:<\/b><br \/>\n<i>Soil Metal Pollution Related to Active Zletovo Pb-Zn Mine, Republic of Macedonia<\/p>\n<p>University Goce Del\u010dev, Faculty of Natural and Technical Sciences, Stip<\/i><br \/>\n<b>Macedonia<\/b><\/p>\n<hr \/>\n<p><b>Dervaric Evgen, Vukelic Zeljko:<\/b><br \/>\n<i>Can Coal Survive<\/p>\n<p>University of Ljubljana, Faculty of Natural Sciences and Engineering, Ljubljana<\/i><br \/>\n<b>Slovenia<\/b><\/p>\n<hr \/>\n<p><b>Kachurin Nikolai M., Vorobev Sergei A., Bogdanov Sergei M.:<\/b><br \/>\n<i>Evaluating Polluting Atmosphere by Mining Enterprises and Optimizing Prophylactic Measures Resources<\/p>\n<p>Tula State University, Tula<br \/>\nBelgorod National Researching University, Belgorod<\/i><br \/>\n<b>Russia<\/b><\/p>\n<hr \/>\n<p><b>Kachurin Nikolai M., Vorobev Sergei A., Shkuratckiy Dimitryi N., Bogdanov Sergei M.:<\/b><br \/>\n<i>Environmental Danger of Worked and Liquidated Coal Mines Open Areas<\/p>\n<p>Tula State University, Tula<br \/>\nBelgorod National Researching University, Belgorod<br \/>\nCompany HALURGY, Perm<\/i><br \/>\n<b>Russia<\/b><\/p>\n<hr \/>\n<p><b>Stojanovic Cvjetko, Borovic Biljana:<\/b><br \/>\n<i>Exploitation of Natural Resources in Function of Sustainable Development<\/p>\n<p>RiTE Ugljevik, a.d. Ugljevik, Ugljevik<\/i><br \/>\n<b>Republic of Srpska, Bosnia and Hercegovina<\/b><\/p>\n<hr \/>\n<p><b>Despodov Zoran, Mirakovski Dejan, Doneva Nikolinka, Mijalkovski Stojan\u010de, Zoran Panov:<\/b><br \/>\n<i>Regulation of Saska River with Aim for Environmetal Protection at No.4 Flotation Tailing Damp Construction in the Sasa Mine<\/p>\n<p>University Goce Del\u010dev, Faculty of Natural and Technical Sciences, Stip<\/i><br \/>\n<b>Republic of Macedonia<\/b><\/p>\n<hr \/>\n<p><b>Sredic Svjetlana, Prerad Nada, Malbasic Slobodanka, Malbasic Vladimir,I. Knjeginic:<\/b><br \/>\n<i>Opportunity to Biomass From Fast-Growing Plantations Producing at the Degraded Surfaces of Iron Ore Mines Around Prijedor<\/p>\n<p>University Banja Luka, Faculty of Mining, Prijedor<br \/>\nInstitute of mining, Prijedor<\/i><br \/>\n<b>Republic of Srpska, Bosnia and Hercegovina<\/b><\/p>\n<hr \/>\n<p><b>Hadzi-Nikolova Marija, Mirakovski Dejan, Despodov Zoran, Doneva Nikolinka, Mijalkovski Stojance:<\/b><br \/>\n<i>Verification of the Environmental Noise Dispersion Model in Mining<\/p>\n<p>University Goce Del\u010dev, Faculty of Natural and Technical Sciences, Stip<\/i><br \/>\n<b>Republic of Macedonia<\/b><\/p>\n<hr \/>\n<p><b>Mirakovski Dejan, Hadzi-Nikolova Marija, Despodov Zoran, Doneva Nikolinka, Mijalkovski Stojance:<\/b><br \/>\n<i>Guidelines for Preparation of Mine Waste Management Plan<\/p>\n<p>University Goce Del\u010dev, Faculty of Natural and Technical Sciences, Stip<\/i><br \/>\n<b>Republic of Macedonia<\/b><\/p>\n<hr \/>\n<p><b>Zivkovic Marija, Ivezic Dejan, Madzarevic Aleksandar:<\/b><br \/>\n<i>The Role of Ecological Indicators in Processes of Strategic Planning-Case of The City of Ni\u0161<\/p>\n<p>Univerisity of Belgrade, Faculty of Mining and Geology, Belgrade<\/i><br \/>\n<b>Serbia<\/b><\/p>\n<hr \/>\n<p><b>Danilovic Dusan, Karovic-Maricic Vesna, Lekovic Branko, Crnogorac Miroslav:<\/b><br \/>\n<i>Preventing Harmful Emissions Into the Atmosphere Upon Manipulation Oil Derivatives<\/p>\n<p>Univerisity of Belgrade, Faculty of Mining and Geology, Belgrade<\/i><br \/>\n<b>Serbia<\/b><\/p>\n<hr \/>\n<p><b>Milentijevic Gordana, Nedeljkovic Blagoje, Milojevi\u0107 Milan:<\/b><br \/>\n<i>Influence of Flotation Process of Pb-Zn Ore &#8220;RIF Kopaonik&#8221; on the Environment<\/p>\n<p>University of Pristina, Faculty of Technical Sciences, Kosovska Mitrovica<\/i><br \/>\n<b>Serbia<\/b><\/p>\n<hr \/>\n<p><b>Milentijevic Gordana, Nedeljkovic Blagoje, Milojevi\u0107 Milan:<\/b><br \/>\n<i>Research Pb-Zn Ore Deposits in Surrounding Deposit &#8220;Crnac&#8221;<\/p>\n<p>University of Pristina, Faculty of Technical Sciences, Kosovska Mitrovica<\/i><br \/>\n<b>Serbia<\/b><\/p>\n<hr \/>\n<p><b>Aleksandrovic Snezana, Cvijetic Aleksandar:<\/b><br \/>\n<i>Analysis of Noise Sources in Power Transformers and Rotating Electrical Machines<\/p>\n<p>Univerisity of Belgrade, Faculty of Mining and Geology, Belgrade<\/i><br \/>\n<b>Serbia<\/b><\/p>\n<hr \/>\n<p><b>Husic Amor, Sisic Rijad, Karadzin Zvjezdan:<\/b><br \/>\n<i>Possibilities of Utilizing Ventilation Air Methane from FBIH Coal Mines<\/p>\n<p>RMU Banovici,d.d., Banovici<br \/>\nFaculty of Mining, Geology and Civil Engineering, Tuzla<\/i><br \/>\n<b>Serbia<\/b><\/p>\n<hr \/>\n<p><b>Sheshko Evgenyevna Evgeniia<\/b><br \/>\n<i>Substantiation of Efficiency of Application of Sandwich Belt High Angle Conveyors in the Schemes With Cyclic and Line Technology in Deep Open Pits<\/p>\n<p>National University of Science and Technology &#8220;MISIS\u201d, Moskow<\/i><br \/>\n<b>Russia<\/b><\/p>\n<hr \/>\n<p><b>Sheshko Evgenievna Olga<\/b><br \/>\n<i>Tendences of Reducing Harmful Emissions Into Atmosphere in Deep Open Pits<\/p>\n<p>National University of Science and Technology &#8220;MISIS\u201d, Moskow<\/i><br \/>\n<b>Russia<\/b><\/p>\n<hr \/>\n<p><b>Galkin Ivanovich Vladimir<\/b><br \/>\n<i>Features of Designs of Belts for Pipe Belt Conveyors<\/p>\n<p>National University of Science and Technology &#8220;MISIS\u201d, Moskow<\/i><br \/>\n<b>Russia<\/b><\/p>\n<hr \/>\n<p><b>Karovi\u0107 Mari\u010di\u0107 Vesna, Danilovi\u0107 Du\u0161an, Lekovi\u0107 Branko, Crnogorac Miroslav<\/b><br \/>\n<i>Environmental Benefits of Enhanced Oil Recovery by CO2 Injection<\/p>\n<p>Univerisity of Belgrade, Faculty of Mining and Geology, Belgrade<\/i><br \/>\n<b>Serbia<\/b><\/p>\n<hr \/>\n<p><b>Jelisavac Erdeljan Dragana<\/b><br \/>\n<i>Mining Waste Management<\/p>\n<p>Ministry of Mining and Energy<\/i><br \/>\n<b>Serbia<\/b><\/p>\n<hr \/>\n<p><b>Savi\u0107 Dragana, Majstorovi\u0107 Jelena, Nikoli\u0107 Dejan, \u017divkovi\u0107 Dejan<\/b><br \/>\n<i>Geological Investigations of Conceptual Project of Regional Landfill on \u201eKaleni\u0107\u201c<\/p>\n<p>Geoing Group, Belgrade<br \/>\nUniverisity of Belgrade, Faculty of Mining and Geology, Belgrade<\/i><br \/>\n<b>Serbia<\/b><\/p>\n<hr \/>\n<p><b>Savkovic Snezana, Jovancic Predrag, Majstorovic Jelena<\/b><br \/>\n<i>Analysis attainable technical-technological results word open pit mines Elecktrical industry &#8211; EPS of Serbia<\/p>\n<p>Univerisity of Belgrade, Faculty of Mining and Geology, Belgrade<\/i><br \/>\n<b>Serbia<\/b><\/p>\n<hr \/>\n<p><b>Malenovi\u0107 Nikolic Jelena, Vukadinovic Ana, Cokorilo Vojin<\/b><br \/>\n<i>Energy Management and Systems of Environmental Safety in Mining-Energy Complexes<\/p>\n<p>University of Nis, Faculty of Occupational Safety, Nis<\/i><br \/>\n<b>Serbia<\/b><\/p>\n<hr \/>\n<p><b>Malenovi\u0107 Nikolic Jelena, Vasovic Dejan<\/b><br \/>\n<i>Improving Systems of Environmental Safety in Mining-Energy Complexes: Project Management<\/p>\n<p>University of Nis, Faculty of Occupational Safety, Nis<br \/>\nUniverisity of Belgrade, Faculty of Mining and Geology, Belgrade<\/i><br \/>\n<b>Serbia<\/b><\/p>\n<hr \/>\n<p><b>Vasovic Dejan, Malenovic Nikolic Jelena, Musicki Stevan<\/b><br \/>\n<i>Water Framework Directive, Industrial Emissions Directive, Seveso Directive: A Triangle of Equal Sides<\/p>\n<p>University of Nis, Faculty of Occupational Safety, Nis<br \/>\nUniversity of Defense, Military Academy, Belgrade<\/i><br \/>\n<b>Serbia<\/b><\/p>\n<hr \/>\n<p><b>Michalik Peter, Molnar Vieroslav<\/b><br \/>\n<i>Scripting \u2013 Effective Tool for Acceleration of FEM Analysis in the Program Abaqus<\/p>\n<p>Technical University of Kosice, Faculty of Mining, Ecology, Process Control and Geotechnology, Kosice<\/i><br \/>\n<b>Slovakia<\/b><\/p>\n<hr \/>\n<p><b>Fedorko Gabriel, Molnar Vieroslav, Husakova Nikoleta<\/b><br \/>\n<i>Analysis of Variable Pipe Conveyor Belt Motion by the Help of CAX Tools<\/p>\n<p>Technical University of Kosice, Faculty of Mining, Ecology, Process Control and Geotechnology, Kosice<\/i><br \/>\n<b>Slovakia<\/b><\/p>\n<hr \/>\n<p><b>Fedorko Gabriel, Filipovic Ivana, Ristovic Ivica<\/b><br \/>\n<i>Utilization of CAD and CAE Technologies by Research of Shifting of Pipe Conveyors<\/p>\n<p>Technical University of Kosice, Faculty of Mining, Ecology, Process Control and Geotechnology, Kosice<\/i><br \/>\n<b>Slovakia<\/b><br \/>\n<i>Univerisity of Belgrade, Faculty of Mining and Geology, Belgrade<\/i><br \/>\n<b>Serbia<\/b><\/p>\n<hr \/>\n<p><b>Fedorko Gabriel, Molnar Vieroslav, Dragan Medenica<\/b><br \/>\n<i>Modelling of Stress-Deformation States for Conveyor Belts of Classic Belt Conveyors<\/p>\n<p>Technical University of Kosice, Faculty of Mining, Ecology, Process Control and Geotechnology, Kosice<\/i><br \/>\n<b>Slovakia<\/b><br \/>\n<i>Univerisity of Belgrade, Faculty of Mining and Geology, Belgrade<\/i><br \/>\n<b>Serbia<\/b><\/p>\n<hr \/>\n<p><b>Husakova Nikoleta<\/b><br \/>\n<i>Eco-logistics \u2013 a Tool for Environmental Protection<\/p>\n<p>Technical University of Kosice, Faculty of Mining, Ecology, Process Control and Geotechnology, Kosice<\/i><br \/>\n<b>Slovakia<\/b><\/p>\n<hr \/>\n<p><b>Marasov\u00e1 Daniela, Cehl\u00e1r Michal, Hus\u00e1kov\u00e1 Nikoleta<\/b><br \/>\n<i>Procedure of Creation and Design of Simulation Model for Calcined Ore Conveying<\/p>\n<p>Technical University of Kosice, Faculty of Mining, Ecology, Process Control and Geotechnology, Kosice<\/i><br \/>\n<b>Slovakia<\/b><\/p>\n<hr \/>\n<p><b>Radule Tosovic<\/b><br \/>\n<i>Expert Economic Evaluation of Mineral Resources in Environmental Protection<\/p>\n<p>Univerisity of Belgrade, Faculty of Mining and Geology, Belgrade<\/i><br \/>\n<b>Serbia<\/b><\/p>\n<hr \/>\n<p><b>Stojanovic Slavica, Stojanovic Milorad<\/b><br \/>\n<i>The Impact of the Construction of Phase II of the Coal Preparation Plant (Crusher) Tamnava-East Field and Dump Fine Coal on the Environment<\/p>\n<p>PD RB Kolubara, Lazarevac<\/i><br \/>\n<b>Serbia<\/b><\/p>\n<hr \/>\n<p><b>Edward M. Socolov, Tatiyna S. Sviridova<\/b><br \/>\n<i>Polluting Soils by Heavy Metals and Radionuclides<\/p>\n<p>Tula State University, Tula<\/i><br \/>\n<b>Russia<\/b><\/p>\n<hr \/>\n<p><b>Subaranovic Tomislav, Pavlovic Vladimir, Jankovic Ivan<\/b><br \/>\n<i>Planning and Options of Mine Closure<\/p>\n<p>Univerisity of Belgrade, Faculty of Mining and Geology, Belgrade<br \/>\nOpencast Mining Centre, Belgrade<\/i><br \/>\n<b>Serbia<\/b><\/p>\n<hr \/>\n<p><b>Ili\u0107 Sasa<\/b><br \/>\n<i>Selective Mining and Dumping of Overburden on Opencast Coal Mining<\/p>\n<p>Univerisity of Belgrade, Faculty of Mining and Geology, Belgrade<\/i><br \/>\n<b>Serbia<\/b><\/p>\n<hr \/>\n<p><b>Simic Aleksandar, Lausevic Radoje, Popovic Ana, Bartula Mirjana<\/b><br \/>\n<i>Environmental Management and Information System for Surface Lignite Mining<\/p>\n<p>PD RB Kolubara, Lazarevac,<br \/>\nUniversity Singidunum, Faculty of Applied Ecology Futura, Belgrade<\/i><br \/>\n<b>Serbia<\/b><br \/>\n<i>Regional Environmental Center for Central and Eastern Europe, Szentendre,<\/i><br \/>\n<b>Hungary<\/b><\/p>\n<hr \/>\n<p><b>Gruji\u0107 Milo\u0161<\/b><br \/>\n<i>Basic Principles of Quantifying the Criteria for Identifying Priorities in Solving the Environmental Protection Problems in Mining<\/p>\n<p>International Academy of Ecology and Life Protection Sciences IAELPS, Belgrade<\/i><br \/>\n<b>Serbia<\/b><\/p>\n<hr \/>\n<p><b>Novakovi\u0107 Gregor, Kova\u010di\u010d Simon, Vuli\u0107 Milivoj<\/b><br \/>\n<i>Applicability of 3D Laser Scanning Data in Underground Constructions<\/p>\n<p>S\u017d \u2013 Infrastruktura, d. o. o., Ljubljana<br \/>\nUniversity of Ljubljana, Faculty of Natural Sciences and Engineering, Ljubljana<\/i><br \/>\n<b>Slovenia<\/b><\/p>\n<hr \/>\n<p><b>Vrzel Janja, Ogrinc Nives, Vi\u017eintin Goran<\/b><br \/>\n<i>Development of the Conceptual Model \u2013 Ljubljansko Polje Aquifer (Slovenia)<\/p>\n<p>Ecological Engineering Institute, Maribor<br \/>\nInternational Postgraduate School Jo\u017eef Stefan, Ljubljana<br \/>\nJo\u017eef Stefan Institute, Ljubljana<br \/>\nUniversity of Ljubljana, Faculty of Natural Sciences and Engineering, Ljubljana<\/i><br \/>\n<b>Slovenia<\/b><\/p>\n<hr \/>\n<p><b>Vukelic Zeljko, Dervaric Evgen, Vizintin Goran<\/b><br \/>\n<i>Well Optimization in Velenje Coal Mine Using 3D Finithe Elements Modeling<\/p>\n<p>University of Ljubljana, Faculty of Natural Sciences and Engineering, Ljubljana<\/i><br \/>\n<b>Slovenia<\/b><\/p>\n<hr \/>\n<p><b>Zdravkovic Jovan, Vojnic Mladen<\/b><br \/>\n<i>Deep Well Dewatering on  the Open Pit Drmno with Reference to Environmental  Protection<\/p>\n<p>PD \u201eTE-KO Kostolac\u201c d.o.o., Kostolac<\/i><br \/>\n<b>Serbia<\/b><\/p>\n<hr \/>\n<p><b>Prastalo Zeljko, Milosevi\u0107 M. Dragan, Mitic Sasa, Radosavljevic Milinko, Makar Nenad<\/b><br \/>\n<i>Exploitation Measures in Order to Preserve Quality of Humus<\/p>\n<p>Mining Insitute, Belgrade<\/i><br \/>\n<b>Serbia<\/b><\/p>\n<hr \/>\n<p><b>Vuckovic Bogoljub, Radovanovic Biljana, Petrovic Nadezda <\/b><br \/>\n<i>Kolubara Lignites Combustible Sulphur Environmental Impact \u2013 Naturall and Artificial Selected Sources Comparison<\/p>\n<p>PD RB Kolubara, Lazarevac<\/i><br \/>\n<b>Serbia<\/b><\/p>\n<hr \/>\n<p><b>Djuric Radisa, Milosevic Dragan, Maksimovic Zoran<\/b><br \/>\n<i>Rational Maintenance of Machinery in the Open Pit Drmno Using a New Concept Vehicle Used for the Collection and Distribution of New Oil<\/p>\n<p>PD \u201eTE-KO Kostolac\u201c d.o.o., Kostolac<\/i><br \/>\n<b>Serbia<\/b><\/p>\n<hr \/>\n<p><b>Djuric Radisa, Stevic Dragan, Todorovic Filip<\/b><br \/>\n<i>Modern Technology Application Influence of New Auxiliary Machinery on Reducing Environmental Pollution on Open-Pit Coal Mine Drmno<\/p>\n<p>PD \u201eTE-KO Kostolac\u201c d.o.o., Kostolac<\/i><br \/>\n<b>Serbia<\/b><\/p>\n<hr \/>\n<p><b>Milutinovic Biljana, Stefanovic Gordana, Jovic Srdjan, Skriljej Hivzo<\/b><br \/>\n<i>Development of Mathematical Model for Estimation of Economic Indicators of Waste Treatment<\/p>\n<p>University of Nis, Faculty of Mechanical Engineering, Nis<br \/>\nUniversity of Pristina, Faculty of Technical Sciences, Kosovska Mitrovica<br \/>\nPublic Utility Company, Novi Pazar<\/i><br \/>\n<b>Serbia<\/b><\/p>\n<hr \/>\n<p><b>Kolonja Bozo, Stevanovic Dejan, Pesic Georgiadis Milica, Bankovic Mirjana, Kolonja Ljiljana<\/b><br \/>\n<i>Uncertainty in Open Pit Optimization<\/p>\n<p>Univerisity of Belgrade, Faculty of Mining and Geology, Belgrade<\/i><br \/>\n<b>Serbia<\/b><\/p>\n<hr \/>\n<p><b>Lutovac Suzana, Beljic Cedomir, Gligoric Zoran, Gluscevic Branko<\/b><br \/>\n<i>Parameter Determination of Soil Oscillation Law Using Quotient of the Relative Growth Increments of Oscillation Velocity and Reduced Distances at Kovilovaca Surface Mine <\/p>\n<p>Univerisity of Belgrade, Faculty of Mining and Geology, Belgrade<\/i><br \/>\n<b>Serbia<\/b><\/p>\n<hr \/>\n<p><b>Kolonja Ljiljana, Stankovi\u0107 Ranka, Obradovi\u0107 Ivan, Kitanovic Olivera, Pantelic Uros<\/b><br \/>\n<i>Development of a Business Intelligence Tool For Accident Analysis in Mines<\/p>\n<p>Univerisity of Belgrade, Faculty of Mining and Geology, Belgrade<\/i><br \/>\n<b>Serbia<\/b><\/p>\n<hr \/>\n<p><b>Stankovic Ranka, Vulovic Nikola, Lilic Nikola, Obradovic Ivan, Tosovi\u0107 Radule, Pesic-Georgijadis Milica<\/b><br \/>\n<i>WebGis Cadastre of Abandoned Mines in Autonomous Province Of Vojvodina<\/p>\n<p>Univerisity of Belgrade, Faculty of Mining and Geology, Belgrade<\/i><br \/>\n<b>Serbia<\/b><\/p>\n<hr \/>\n<p><b>Djukanovic Dusko, Svrkota Igor<\/b><br \/>\n<i>Influence of Accidents in Underground Coal Mining  to Environment<\/p>\n<p>University of Belgrade, Technical Faculty in Bor<\/i><br \/>\n<b>Serbia<\/b><\/p>\n<hr \/>\n<p><b>Kne\u017eevi\u0107 Dinko, Lili\u0107 Nikola, Ni\u0161i\u0107 Dragana, Stani\u0107 Milo\u0161, Kuzmanovi\u0107 Vladan <\/b><br \/>\n<i>Using Previously Polluted Sites for Waste Storage, Prahovo Phosphogypsum Storage Case Study<\/p>\n<p>Univerisity of Belgrade, Faculty of Mining and Geology, Belgrade<br \/>\nUniversity of Belgrade, Faculty of civil engineering, Belgrade<\/i><br \/>\n<b>Serbia<\/b><\/p>\n<hr \/>\n<p><b>Deni\u0107 Miodrag, Dragi\u0161i\u0107 Veselin, Stojadinovi\u0107 Sa\u0161a, \u017divanovi\u0107 Vladimir, Svrkota Igor, Jokovi\u0107 Dragan <\/b><br \/>\n<i>Isolation of Old Works and the Possibility of a Durable Solution for the Drainage of the Pit Mine Soko<\/p>\n<p>University of Belgrade, Technical fakulty in Bor, Bor<br \/>\nUniverisity of Belgrade, Faculty of Mining and Geology, Belgrade<\/i><br \/>\n<b>Serbia<\/b><\/p>\n<hr \/>\n<p><b>Lilic Nikola, Milisavljevic Vladimir, Pantelic Uros, Kolonja Ljiljana, Medenica Dragan<\/b><br \/>\n<i>Dispersion Modeling of Particulate Matter in Surface Lead and Zinc Mine Suplja Stijena<\/p>\n<p>Univerisity of Belgrade, Faculty of Mining and Geology, Belgrade<br \/>\nVolmont, Belgrade, Serbia<\/i><br \/>\n<b>Serbia<\/b><\/p>\n<hr \/>\n<p><b>Zorica Ivkovic , Dejan Dramlic , Vladica Dragosavljevic<\/b><br \/>\n<i>Legislation to Preserve and Faciliate Biological Resources in Underground Coal Exploitation<\/p>\n<p>Public Company Underground Exploitation of Coal Resavica<br \/>\nInstitute for Materials Testing JSC Belgrade<br \/>\nPublic Companu Ingrin Indjija<\/i><br \/>\n<b>Serbia<\/b><\/p>\n<hr \/>\n<p><b>Ivica Ristovic<\/b><br \/>\n<i>Mining and Environmental Protection &#8211; Experiences and Challenges<\/p>\n<p>Univerisity of Belgrade, Faculty of Mining and Geology, Belgrade<\/i><br \/>\n<b>Serbia<\/b><\/p>\n<hr \/>\n<p><b>Predrag Dasic, Ivica Ristovic, Jovan Dasic<\/b><br \/>\n<i>Analysis of bibliometric indicators for category &#8220;Mining &#038; Mineral Processing&#8221; for 2013 based on JCR and Scopus data<\/p>\n<p>SaTCIP, Vrnjacka Banja<br \/>\nUniverisity of Belgrade, Faculty of Mining and Geology, Belgrade<\/i><br \/>\n<b>Serbia<\/b><\/p>\n<hr \/>\n<p><b>Radoje Pantovi\u0107, Nenad Vusovi\u0107, Igor Svrkota, MarkoVukovi\u0107:<\/b><br \/>\n<i>Monitoring of Displacements in Support of Kriveljska Reka Collector <\/p>\n<p>University of Belgrade, Technical Faculty in Bor,<br \/>\nPublic Enterprise for Underground Coal Exploitation Resavica, Resavica<\/i><br \/>\n<b>Serbia<\/b><\/p>\n<hr \/>\n<p><b>Milena Lekic,Filipovic Ivana, Zoran Nikic<\/b><br \/>\n<i>The prospect of biological Planning municipal landfills in Serbia<\/p>\n<p>Univerisity of Belgrade, Faculty of Mining and Geology, Belgrade<br \/>\nUniverisity of Belgrade, Faculty of Forestry, Belgrade<\/i><br \/>\n<b>Serbia <\/b><\/p>\n<hr \/>\n<p><b>Cvjetic Aleksandar, Figun Ljubica, Milisavljevic Vladimir, Pantelic Uros, Tomasevic Aleksandra<\/b><br \/>\n<i>Noise Management at the Buvac Open Pit Mine<\/p>\n<p>Univerisity of Belgrade, Faculty of Mining and Geology, Belgrade<\/i><br \/>\n<b>Serbia <\/b><\/p>\n<hr \/>\n","protected":false},"excerpt":{"rendered":"<p>Format of Paper &#8211; download here Potocnik Drago, Roser Janez, Vulic Milivoj: Analysis of Occupational Injuries in the Velenje Coal Mine Using Modified Sigmoid Function PV Invest d.o.o., Velenje University of Ljubljana, Faculty of Natural Sciences and Engineering, Ljubljana Slovenia<span class=\"ellipsis\">&hellip;<\/span><\/p>\n<div class=\"read-more\"><a href=\"https:\/\/mep.rgf.bg.ac.rs\/?page_id=67\">Read more &#8250;<\/a><\/div>\n<p><!-- end of .read-more --><\/p>\n","protected":false},"author":2,"featured_media":0,"parent":48,"menu_order":10,"comment_status":"closed","ping_status":"closed","template":"","meta":{"footnotes":""},"class_list":["post-67","page","type-page","status-publish","hentry"],"_links":{"self":[{"href":"https:\/\/mep.rgf.bg.ac.rs\/index.php?rest_route=\/wp\/v2\/pages\/67","targetHints":{"allow":["GET"]}}],"collection":[{"href":"https:\/\/mep.rgf.bg.ac.rs\/index.php?rest_route=\/wp\/v2\/pages"}],"about":[{"href":"https:\/\/mep.rgf.bg.ac.rs\/index.php?rest_route=\/wp\/v2\/types\/page"}],"author":[{"embeddable":true,"href":"https:\/\/mep.rgf.bg.ac.rs\/index.php?rest_route=\/wp\/v2\/users\/2"}],"replies":[{"embeddable":true,"href":"https:\/\/mep.rgf.bg.ac.rs\/index.php?rest_route=%2Fwp%2Fv2%2Fcomments&post=67"}],"version-history":[{"count":60,"href":"https:\/\/mep.rgf.bg.ac.rs\/index.php?rest_route=\/wp\/v2\/pages\/67\/revisions"}],"predecessor-version":[{"id":509,"href":"https:\/\/mep.rgf.bg.ac.rs\/index.php?rest_route=\/wp\/v2\/pages\/67\/revisions\/509"}],"up":[{"embeddable":true,"href":"https:\/\/mep.rgf.bg.ac.rs\/index.php?rest_route=\/wp\/v2\/pages\/48"}],"wp:attachment":[{"href":"https:\/\/mep.rgf.bg.ac.rs\/index.php?rest_route=%2Fwp%2Fv2%2Fmedia&parent=67"}],"curies":[{"name":"wp","href":"https:\/\/api.w.org\/{rel}","templated":true}]}}